{"id":681,"date":"2020-10-07T18:21:17","date_gmt":"2020-10-07T16:21:17","guid":{"rendered":"https:\/\/jean-meinhard-93.fr\/?page_id=681"},"modified":"2021-04-29T13:42:29","modified_gmt":"2021-04-29T11:42:29","slug":"demoussage-toit-nettoyage-toit-24-dordogne","status":"publish","type":"page","link":"https:\/\/gauthier-couverture.fr\/index.php\/demoussage-toit-nettoyage-toit-24-dordogne\/","title":{"rendered":"D\u00e9moussage toit &#8211; nettoyage toit 24 &#8211; Dordogne &#8211; Mussidan"},"content":{"rendered":"<p>[et_pb_section fb_built=\u00a0\u00bb1&Prime; _builder_version=\u00a0\u00bb3.29.3&Prime; background_image=\u00a0\u00bbhttps:\/\/gauthier-couverture.fr\/wp-content\/uploads\/2020\/09\/header-bg.jpg\u00a0\u00bb background_size=\u00a0\u00bbcontain\u00a0\u00bb background_repeat=\u00a0\u00bbrepeat\u00a0\u00bb custom_padding=\u00a0\u00bb||0px||false|false\u00a0\u00bb][et_pb_row _builder_version=\u00a0\u00bb3.29.3&Prime; custom_padding=\u00a0\u00bb||0px||false|false\u00a0\u00bb][et_pb_column type=\u00a0\u00bb4_4&Prime; _builder_version=\u00a0\u00bb3.29.3&Prime;][et_pb_text module_class=\u00a0\u00bbdct_header\u00a0\u00bb _builder_version=\u00a0\u00bb4.9.4&Prime; text_font=\u00a0\u00bbWork Sans||||||||\u00a0\u00bb header_font=\u00a0\u00bbWork Sans||||||||\u00a0\u00bb background_enable_color=\u00a0\u00bboff\u00a0\u00bb text_orientation=\u00a0\u00bbcenter\u00a0\u00bb max_width=\u00a0\u00bb550px\u00a0\u00bb module_alignment=\u00a0\u00bbcenter\u00a0\u00bb custom_padding=\u00a0\u00bb20px||20px||true|false\u00a0\u00bb]<\/p>\n<h1>D\u00e9moussage toit &#8211; nettoyage toit 24 &#8211; Dordogne<\/h1>\n<p>[\/et_pb_text][\/et_pb_column][\/et_pb_row][\/et_pb_section][et_pb_section fb_built=\u00a0\u00bb1&Prime; module_id=\u00a0\u00bbdct_service_d\u00a0\u00bb _builder_version=\u00a0\u00bb4.5.5&Prime; custom_padding=\u00a0\u00bb||0px|||\u00a0\u00bb][et_pb_row column_structure=\u00a0\u00bb2_3,1_3&Prime; use_custom_gutter=\u00a0\u00bbon\u00a0\u00bb gutter_width=\u00a0\u00bb2&Prime; make_equal=\u00a0\u00bbon\u00a0\u00bb _builder_version=\u00a0\u00bb4.5.5&Prime;][et_pb_column type=\u00a0\u00bb2_3&Prime; _builder_version=\u00a0\u00bb3.29.3&Prime;][et_pb_image src=\u00a0\u00bbhttps:\/\/gauthier-couverture.fr\/wp-content\/uploads\/2021\/04\/demoussage-apres-24-1024&#215;768.jpg\u00a0\u00bb alt=\u00a0\u00bbToit apr\u00e8s d\u00e9moussage par John Gauthier couvreur 24&Prime; title_text=\u00a0\u00bbToit apr\u00e8s d\u00e9moussage  par John Gauthier couvreur 24&Prime; force_fullwidth=\u00a0\u00bbon\u00a0\u00bb _builder_version=\u00a0\u00bb4.9.4&Prime;][\/et_pb_image][et_pb_text _builder_version=\u00a0\u00bb4.9.4&Prime; _module_preset=\u00a0\u00bbdefault\u00a0\u00bb text_font=\u00a0\u00bb|||on|||||\u00a0\u00bb header_5_line_height=\u00a0\u00bb20px\u00a0\u00bb custom_margin=\u00a0\u00bb||0px||false|false\u00a0\u00bb custom_padding=\u00a0\u00bb||0px||false|false\u00a0\u00bb hover_enabled=\u00a0\u00bb0&Prime; sticky_enabled=\u00a0\u00bb0&Prime;]<\/p>\n<h5>Photo ci dessus &#8211; Chantier de couvreur 24 &#8211; John Gauthier : apr\u00e8s un nettoyage \/ d\u00e9moussage de toit : retrait de toutes les mousses et lichens, traitements anti mousse et hydrofuge appliqu\u00e9s.<\/h5>\n<p>[\/et_pb_text][et_pb_image src=\u00a0\u00bbhttps:\/\/gauthier-couverture.fr\/wp-content\/uploads\/2021\/04\/demoussage-avant-24-1024&#215;768.jpg\u00a0\u00bb alt=\u00a0\u00bbtoit lichen, mousse &#8211; demoussage avant couvreur 24&Prime; title_text=\u00a0\u00bbtoit lichen, mousse &#8211; demoussage avant couvreur 24&Prime; force_fullwidth=\u00a0\u00bbon\u00a0\u00bb _builder_version=\u00a0\u00bb4.9.4&Prime; hover_enabled=\u00a0\u00bb0&Prime; sticky_enabled=\u00a0\u00bb0&Prime;][\/et_pb_image][et_pb_text _builder_version=\u00a0\u00bb4.9.4&Prime; _module_preset=\u00a0\u00bbdefault\u00a0\u00bb text_font=\u00a0\u00bb|||on|||||\u00a0\u00bb header_5_line_height=\u00a0\u00bb20px\u00a0\u00bb custom_margin=\u00a0\u00bb||0px||false|false\u00a0\u00bb custom_padding=\u00a0\u00bb||0px||false|false\u00a0\u00bb hover_enabled=\u00a0\u00bb0&Prime; sticky_enabled=\u00a0\u00bb0&Prime;]<\/p>\n<h5>Photo ci dessus &#8211; le m\u00eame chantier concernant le toit \u00e0 d\u00e9mousser par couvreur 24 &#8211; John Gauthier : la photo avant un nettoyage \/ d\u00e9moussage de toit : on voit qu&rsquo;il y a du travail.<\/h5>\n<p>[\/et_pb_text][et_pb_text _builder_version=\u00a0\u00bb4.9.4&Prime; _module_preset=\u00a0\u00bbdefault\u00a0\u00bb text_font=\u00a0\u00bb|||on|||||\u00a0\u00bb header_5_line_height=\u00a0\u00bb20px\u00a0\u00bb custom_margin=\u00a0\u00bb||0px||false|false\u00a0\u00bb custom_padding=\u00a0\u00bb||0px||false|false\u00a0\u00bb]<\/p>\n<h5>Le toit de votre habitation donne une impression sale ; il y a des noirceurs\u00a0 et des t\u00e2ches vertes\u00a0 ou de couleur sombre, marron par exemple. Les infiltrations d&rsquo;eau vont concerner votre toiture. Les mousses et lichens retiennent l&rsquo;eau. L&rsquo;humidit\u00e9 s&rsquo;ins\u00e8re et au moindre gel la tuile s&rsquo;abime. Ne tardez pas \u00e0 r\u00e9agir.<\/h5>\n<p>Les lichens et les mousses rendent vos tuiles poreuses. Elles deviennent\u00a0 accessible \u00e0 la dilatation de l&rsquo;eau via le gel ; Les tuiles vont se fendiller et acc\u00e9l\u00e9rer \u00e0 chaque hiver la d\u00e9gradation irr\u00e9versible. Elles vont se f\u00ealer,\u00a0 se fendre ; elles deviennent aussi plus cassantes face \u00e0 un choc avec une branche cass\u00e9e les heurtant lors d&rsquo;orages. Ces tuiles cass\u00e9es ou poreuses en fendues occasionnent alors un d\u00e9g\u00e2t des eaux.<\/p>\n<p>[\/et_pb_text][et_pb_text _builder_version=\u00a0\u00bb4.9.4&Prime; text_font_size=\u00a0\u00bb15px\u00a0\u00bb text_line_height=\u00a0\u00bb30px\u00a0\u00bb text_orientation=\u00a0\u00bbjustified\u00a0\u00bb]<\/p>\n<div class=\"kc-elm kc-css-626335 kc_row kc_row_inner\">\n<div class=\"kc-elm kc-css-203322 kc_col-sm-12 kc_column_inner kc_col-sm-12\">\n<div class=\"kc_wrapper kc-col-inner-container\">\n<div class=\"kc-elm kc-css-800700 kc_text_block\">\n<p>Il faut \u00e9liminer les mousses et lichen du toit au jet d&rsquo;eau pressuris\u00e9 avec des produits de pr\u00e9vention pour enrayer la pousse des lichens et mousses sur le toit. Un toit trop abim\u00e9 se traduit par une haut de charpente vermoulu, des isolants moisis, des tuiles tellement abim\u00e9s qu&rsquo;elles en deviens inutilisables. Il faudra alors tout r\u00e9nover dans votre toiture, c&rsquo;est \u00e0 dire un budget largement sup\u00e9rieur \u00e0 l&rsquo;entretien r\u00e9gulier de la toiture en d\u00e9moussage.\u00a0 <\/p>\n<\/div>\n<\/div>\n<\/div>\n<\/div>\n<p>[\/et_pb_text][et_pb_text _builder_version=\u00a0\u00bb4.6.5&Prime; _module_preset=\u00a0\u00bbdefault\u00a0\u00bb][\/et_pb_text][et_pb_text module_class=\u00a0\u00bbdct_title\u00a0\u00bb _builder_version=\u00a0\u00bb4.6.5&Prime; text_font=\u00a0\u00bb|||on|||||\u00a0\u00bb header_2_font=\u00a0\u00bb|||on|||||\u00a0\u00bb header_2_text_color=\u00a0\u00bb#111111&Prime; header_2_font_size=\u00a0\u00bb30px\u00a0\u00bb header_2_line_height=\u00a0\u00bb35px\u00a0\u00bb max_width_tablet=\u00a0\u00bb\u00a0\u00bb max_width_phone=\u00a0\u00bb\u00a0\u00bb max_width_last_edited=\u00a0\u00bbon|desktop\u00a0\u00bb custom_margin=\u00a0\u00bb||10px||false|false\u00a0\u00bb custom_padding=\u00a0\u00bb||0px||false|false\u00a0\u00bb header_2_font_size_tablet=\u00a0\u00bb25px\u00a0\u00bb header_2_font_size_phone=\u00a0\u00bb17px\u00a0\u00bb header_2_font_size_last_edited=\u00a0\u00bbon|phone\u00a0\u00bb header_2_line_height_tablet=\u00a0\u00bb30px\u00a0\u00bb header_2_line_height_phone=\u00a0\u00bb30px\u00a0\u00bb header_2_line_height_last_edited=\u00a0\u00bbon|tablet\u00a0\u00bb header_2_letter_spacing__hover_enabled=\u00a0\u00bbon|desktop\u00a0\u00bb]<\/p>\n<h2>D\u00e9moussage &#8211; nettoyage de toit<\/h2>\n<p>[\/et_pb_text][et_pb_text _builder_version=\u00a0\u00bb4.6.5&Prime; text_font_size=\u00a0\u00bb15px\u00a0\u00bb text_line_height=\u00a0\u00bb30px\u00a0\u00bb text_orientation=\u00a0\u00bbjustified\u00a0\u00bb]<\/p>\n<div class=\"kc-elm kc-css-626335 kc_row kc_row_inner\">\n<div class=\"kc-elm kc-css-203322 kc_col-sm-12 kc_column_inner kc_col-sm-12\">\n<div class=\"kc_wrapper kc-col-inner-container\">\n<div class=\"kc-elm kc-css-800700 kc_text_block\">\n<p>Votre toit une fois nettoy\u00e9, propre, sans mousse ni lichen, c&rsquo;est la fin des infiltrations d&rsquo;eau via la toiture et des fuites de toit ! <\/p>\n<p>&nbsp;<\/p>\n<\/div>\n<\/div>\n<\/div>\n<\/div>\n<p>[\/et_pb_text][\/et_pb_column][et_pb_column type=\u00a0\u00bb1_3&Prime; disabled_on=\u00a0\u00bbon|on|off\u00a0\u00bb _builder_version=\u00a0\u00bb4.5.5&Prime;][et_pb_text module_class=\u00a0\u00bbdct_title\u00a0\u00bb _builder_version=\u00a0\u00bb4.6.1&Prime; text_font=\u00a0\u00bb|||on|||||\u00a0\u00bb header_2_font=\u00a0\u00bb|||on|||||\u00a0\u00bb header_2_text_color=\u00a0\u00bb#111111&Prime; header_2_font_size=\u00a0\u00bb30px\u00a0\u00bb header_2_line_height=\u00a0\u00bb35px\u00a0\u00bb max_width_tablet=\u00a0\u00bb\u00a0\u00bb max_width_phone=\u00a0\u00bb\u00a0\u00bb max_width_last_edited=\u00a0\u00bbon|desktop\u00a0\u00bb custom_margin=\u00a0\u00bb||10px||false|false\u00a0\u00bb custom_padding=\u00a0\u00bb50px||20px||false|false\u00a0\u00bb custom_padding_tablet=\u00a0\u00bb20px||20px||false|false\u00a0\u00bb custom_padding_phone=\u00a0\u00bb\u00a0\u00bb custom_padding_last_edited=\u00a0\u00bbon|phone\u00a0\u00bb header_2_font_size_tablet=\u00a0\u00bb25px\u00a0\u00bb header_2_font_size_phone=\u00a0\u00bb17px\u00a0\u00bb header_2_font_size_last_edited=\u00a0\u00bbon|phone\u00a0\u00bb header_2_line_height_tablet=\u00a0\u00bb30px\u00a0\u00bb header_2_line_height_phone=\u00a0\u00bb30px\u00a0\u00bb header_2_line_height_last_edited=\u00a0\u00bbon|tablet\u00a0\u00bb header_2_letter_spacing__hover_enabled=\u00a0\u00bbon|desktop\u00a0\u00bb]<\/p>\n<p>Vous avez des questions ?<\/p>\n<h2>Envoyer un <strong>message<\/strong><\/h2>\n<p>[\/et_pb_text][et_pb_contact_form email=\u00a0\u00bbetsjeanmeinhard@gmail.com,gilles.gregoire5@gmail.com\u00a0\u00bb custom_message=\u00a0\u00bbEmail re\u00e7u via la page https:\/\/gauthier-couverture.fr\/.||et_pb_line_break_holder||||et_pb_line_break_holder||Nom : %%Name%%||et_pb_line_break_holder||Email : %%Email%%||et_pb_line_break_holder||T\u00e9l\u00e9phone : %%Phone%%||et_pb_line_break_holder||Message :||et_pb_line_break_holder||%%Message%%\u00a0\u00bb submit_button_text=\u00a0\u00bbENVOYER\u00a0\u00bb _builder_version=\u00a0\u00bb4.6.6&Prime; form_field_background_color=\u00a0\u00bb#ffffff\u00a0\u00bb custom_button=\u00a0\u00bbon\u00a0\u00bb button_text_size=\u00a0\u00bb15px\u00a0\u00bb button_text_color=\u00a0\u00bb#ffffff\u00a0\u00bb button_use_icon=\u00a0\u00bboff\u00a0\u00bb button_custom_padding=\u00a0\u00bb|40px||40px|false|false\u00a0\u00bb custom_css_main_element=\u00a0\u00bb||||padding: 20px 10px ;||background-color:||#ffffff;||||-webkit-box-shadow: 0px 0px 20px 0px rgba(0, 0, 0, 0.75);||||box-shadow: 0px 5px 10px 5px rgba(0, 0, 0, 0.15);||||border-radius: 4px;||\u00a0\u00bb custom_css_contact_button=\u00a0\u00bbbackground:var(&#8211;color-1);||border-color:var(&#8211;color-1);\u00a0\u00bb border_width_bottom=\u00a0\u00bb1px\u00a0\u00bb border_color_bottom=\u00a0\u00bbrgba(0,0,0,0.2)\u00a0\u00bb global_module=\u00a0\u00bb89&Prime; saved_tabs=\u00a0\u00bball\u00a0\u00bb custom_css_contact_button__hover_enabled=\u00a0\u00bbon|hover\u00a0\u00bb custom_css_contact_button__hover=\u00a0\u00bbbackground:var(&#8211;color-2);||border-color:var(&#8211;color-2);\u00a0\u00bb][et_pb_contact_field field_id=\u00a0\u00bbName\u00a0\u00bb field_title=\u00a0\u00bbNom *\u00a0\u00bb fullwidth_field=\u00a0\u00bbon\u00a0\u00bb _builder_version=\u00a0\u00bb4.6.1&Prime; button_text_size__hover_enabled=\u00a0\u00bboff\u00a0\u00bb button_one_text_size__hover_enabled=\u00a0\u00bboff\u00a0\u00bb button_two_text_size__hover_enabled=\u00a0\u00bboff\u00a0\u00bb button_text_color__hover_enabled=\u00a0\u00bboff\u00a0\u00bb button_one_text_color__hover_enabled=\u00a0\u00bboff\u00a0\u00bb button_two_text_color__hover_enabled=\u00a0\u00bboff\u00a0\u00bb button_border_width__hover_enabled=\u00a0\u00bboff\u00a0\u00bb button_one_border_width__hover_enabled=\u00a0\u00bboff\u00a0\u00bb button_two_border_width__hover_enabled=\u00a0\u00bboff\u00a0\u00bb button_border_color__hover_enabled=\u00a0\u00bboff\u00a0\u00bb button_one_border_color__hover_enabled=\u00a0\u00bboff\u00a0\u00bb button_two_border_color__hover_enabled=\u00a0\u00bboff\u00a0\u00bb button_border_radius__hover_enabled=\u00a0\u00bboff\u00a0\u00bb button_one_border_radius__hover_enabled=\u00a0\u00bboff\u00a0\u00bb button_two_border_radius__hover_enabled=\u00a0\u00bboff\u00a0\u00bb button_letter_spacing__hover_enabled=\u00a0\u00bboff\u00a0\u00bb button_one_letter_spacing__hover_enabled=\u00a0\u00bboff\u00a0\u00bb button_two_letter_spacing__hover_enabled=\u00a0\u00bboff\u00a0\u00bb button_bg_color__hover_enabled=\u00a0\u00bboff\u00a0\u00bb button_one_bg_color__hover_enabled=\u00a0\u00bboff\u00a0\u00bb button_two_bg_color__hover_enabled=\u00a0\u00bboff\u00a0\u00bb][\/et_pb_contact_field][et_pb_contact_field field_id=\u00a0\u00bbEmail\u00a0\u00bb field_title=\u00a0\u00bbEmail *\u00a0\u00bb field_type=\u00a0\u00bbemail\u00a0\u00bb fullwidth_field=\u00a0\u00bbon\u00a0\u00bb _builder_version=\u00a0\u00bb4.6.1&Prime; button_text_size__hover_enabled=\u00a0\u00bboff\u00a0\u00bb button_one_text_size__hover_enabled=\u00a0\u00bboff\u00a0\u00bb button_two_text_size__hover_enabled=\u00a0\u00bboff\u00a0\u00bb button_text_color__hover_enabled=\u00a0\u00bboff\u00a0\u00bb button_one_text_color__hover_enabled=\u00a0\u00bboff\u00a0\u00bb button_two_text_color__hover_enabled=\u00a0\u00bboff\u00a0\u00bb button_border_width__hover_enabled=\u00a0\u00bboff\u00a0\u00bb button_one_border_width__hover_enabled=\u00a0\u00bboff\u00a0\u00bb button_two_border_width__hover_enabled=\u00a0\u00bboff\u00a0\u00bb button_border_color__hover_enabled=\u00a0\u00bboff\u00a0\u00bb button_one_border_color__hover_enabled=\u00a0\u00bboff\u00a0\u00bb button_two_border_color__hover_enabled=\u00a0\u00bboff\u00a0\u00bb button_border_radius__hover_enabled=\u00a0\u00bboff\u00a0\u00bb button_one_border_radius__hover_enabled=\u00a0\u00bboff\u00a0\u00bb button_two_border_radius__hover_enabled=\u00a0\u00bboff\u00a0\u00bb button_letter_spacing__hover_enabled=\u00a0\u00bboff\u00a0\u00bb button_one_letter_spacing__hover_enabled=\u00a0\u00bboff\u00a0\u00bb button_two_letter_spacing__hover_enabled=\u00a0\u00bboff\u00a0\u00bb button_bg_color__hover_enabled=\u00a0\u00bboff\u00a0\u00bb button_one_bg_color__hover_enabled=\u00a0\u00bboff\u00a0\u00bb button_two_bg_color__hover_enabled=\u00a0\u00bboff\u00a0\u00bb][\/et_pb_contact_field][et_pb_contact_field field_id=\u00a0\u00bbPhone\u00a0\u00bb field_title=\u00a0\u00bbT\u00e9l\u00e9phone *\u00a0\u00bb allowed_symbols=\u00a0\u00bbnumbers\u00a0\u00bb fullwidth_field=\u00a0\u00bbon\u00a0\u00bb _builder_version=\u00a0\u00bb4.6.1&Prime;][\/et_pb_contact_field][et_pb_contact_field field_id=\u00a0\u00bbMessage\u00a0\u00bb field_title=\u00a0\u00bbMessage *\u00a0\u00bb field_type=\u00a0\u00bbtext\u00a0\u00bb fullwidth_field=\u00a0\u00bbon\u00a0\u00bb _builder_version=\u00a0\u00bb3.29.1&Prime; button_text_size__hover_enabled=\u00a0\u00bboff\u00a0\u00bb button_one_text_size__hover_enabled=\u00a0\u00bboff\u00a0\u00bb button_two_text_size__hover_enabled=\u00a0\u00bboff\u00a0\u00bb button_text_color__hover_enabled=\u00a0\u00bboff\u00a0\u00bb button_one_text_color__hover_enabled=\u00a0\u00bboff\u00a0\u00bb button_two_text_color__hover_enabled=\u00a0\u00bboff\u00a0\u00bb button_border_width__hover_enabled=\u00a0\u00bboff\u00a0\u00bb button_one_border_width__hover_enabled=\u00a0\u00bboff\u00a0\u00bb button_two_border_width__hover_enabled=\u00a0\u00bboff\u00a0\u00bb button_border_color__hover_enabled=\u00a0\u00bboff\u00a0\u00bb button_one_border_color__hover_enabled=\u00a0\u00bboff\u00a0\u00bb button_two_border_color__hover_enabled=\u00a0\u00bboff\u00a0\u00bb button_border_radius__hover_enabled=\u00a0\u00bboff\u00a0\u00bb button_one_border_radius__hover_enabled=\u00a0\u00bboff\u00a0\u00bb button_two_border_radius__hover_enabled=\u00a0\u00bboff\u00a0\u00bb button_letter_spacing__hover_enabled=\u00a0\u00bboff\u00a0\u00bb button_one_letter_spacing__hover_enabled=\u00a0\u00bboff\u00a0\u00bb button_two_letter_spacing__hover_enabled=\u00a0\u00bboff\u00a0\u00bb button_bg_color__hover_enabled=\u00a0\u00bboff\u00a0\u00bb button_one_bg_color__hover_enabled=\u00a0\u00bboff\u00a0\u00bb button_two_bg_color__hover_enabled=\u00a0\u00bboff\u00a0\u00bb][\/et_pb_contact_field][\/et_pb_contact_form][\/et_pb_column][\/et_pb_row][\/et_pb_section][et_pb_section fb_built=\u00a0\u00bb1&Prime; _builder_version=\u00a0\u00bb3.29.3&Prime; custom_padding=\u00a0\u00bb19px||4px|||\u00a0\u00bb][et_pb_row _builder_version=\u00a0\u00bb3.29.3&Prime; custom_padding=\u00a0\u00bb0px||0px||true|false\u00a0\u00bb][et_pb_column type=\u00a0\u00bb4_4&Prime; _builder_version=\u00a0\u00bb3.29.1&Prime;][et_pb_text module_class=\u00a0\u00bbdct_title center cl\u00a0\u00bb _builder_version=\u00a0\u00bb4.9.4&Prime; text_font=\u00a0\u00bb|||on|||||\u00a0\u00bb header_2_font=\u00a0\u00bb|||on|||||\u00a0\u00bb text_orientation=\u00a0\u00bbcenter\u00a0\u00bb]<\/p>\n<h2>John Gauthier couvreur 24 bas\u00e9 en Dordogne, Mussidan &#8211; Beaupouyet (24400) intervient sur tout type de toiture sur tout le d\u00e9partement.<\/h2>\n<p>&nbsp;<\/p>\n<p>[\/et_pb_text][\/et_pb_column][\/et_pb_row][\/et_pb_section]<\/p>\n","protected":false},"excerpt":{"rendered":"<p>D\u00e9moussage toit &#8211; nettoyage toit 24 &#8211; DordognePhoto ci dessus &#8211; Chantier de couvreur 24 &#8211; John Gauthier : apr\u00e8s un nettoyage \/ d\u00e9moussage de toit : retrait de toutes les mousses et lichens, traitements anti mousse et hydrofuge appliqu\u00e9s.Photo ci dessus &#8211; le m\u00eame chantier concernant le toit \u00e0 d\u00e9mousser par couvreur 24 &#8211; [&hellip;]<\/p>\n","protected":false},"author":2,"featured_media":0,"parent":0,"menu_order":0,"comment_status":"closed","ping_status":"closed","template":"","meta":{"_et_pb_use_builder":"on","_et_pb_old_content":"","_et_gb_content_width":"","footnotes":""},"class_list":["post-681","page","type-page","status-publish","hentry"],"yoast_head":"<!-- This site is optimized with the Yoast SEO plugin v25.6 - https:\/\/yoast.com\/wordpress\/plugins\/seo\/ -->\n<title>D\u00e9moussage toit - nettoyage toit 24 - Dordogne - Mussidan - Couvreur 24 - John Gauthier - fuites, d\u00e9moussage entretien de votre toit, r\u00e9novation<\/title>\n<meta name=\"description\" content=\"Toit de votre maison semble sale : noirceurs - boules vertes, marrons. Les fuites de toit sont proches. Nettoyer le toit pour \u00e9viter les fuites\" \/>\n<meta name=\"robots\" content=\"index, follow, max-snippet:-1, max-image-preview:large, max-video-preview:-1\" \/>\n<link rel=\"canonical\" href=\"https:\/\/gauthier-couverture.fr\/index.php\/demoussage-toit-nettoyage-toit-24-dordogne\/\" \/>\n<meta property=\"og:locale\" content=\"fr_FR\" \/>\n<meta property=\"og:type\" content=\"article\" \/>\n<meta property=\"og:title\" content=\"D\u00e9moussage toit - nettoyage toit 24 - Dordogne - Mussidan - Couvreur 24 - John Gauthier - fuites, d\u00e9moussage entretien de votre toit, r\u00e9novation\" \/>\n<meta property=\"og:description\" content=\"Toit de votre maison semble sale : noirceurs - boules vertes, marrons. Les fuites de toit sont proches. Nettoyer le toit pour \u00e9viter les fuites\" \/>\n<meta property=\"og:url\" content=\"https:\/\/gauthier-couverture.fr\/index.php\/demoussage-toit-nettoyage-toit-24-dordogne\/\" \/>\n<meta property=\"og:site_name\" content=\"Couvreur 24 - John Gauthier - fuites, d\u00e9moussage entretien de votre toit, r\u00e9novation\" \/>\n<meta property=\"article:modified_time\" content=\"2021-04-29T11:42:29+00:00\" \/>\n<meta name=\"twitter:card\" content=\"summary_large_image\" \/>\n<meta name=\"twitter:label1\" content=\"Dur\u00e9e de lecture estim\u00e9e\" \/>\n\t<meta name=\"twitter:data1\" content=\"8 minutes\" \/>\n<script type=\"application\/ld+json\" class=\"yoast-schema-graph\">{\"@context\":\"https:\/\/schema.org\",\"@graph\":[{\"@type\":\"WebPage\",\"@id\":\"https:\/\/gauthier-couverture.fr\/index.php\/demoussage-toit-nettoyage-toit-24-dordogne\/\",\"url\":\"https:\/\/gauthier-couverture.fr\/index.php\/demoussage-toit-nettoyage-toit-24-dordogne\/\",\"name\":\"D\u00e9moussage toit - nettoyage toit 24 - Dordogne - Mussidan - Couvreur 24 - John Gauthier - fuites, d\u00e9moussage entretien de votre toit, r\u00e9novation\",\"isPartOf\":{\"@id\":\"https:\/\/gauthier-couverture.fr\/#website\"},\"datePublished\":\"2020-10-07T16:21:17+00:00\",\"dateModified\":\"2021-04-29T11:42:29+00:00\",\"description\":\"Toit de votre maison semble sale : noirceurs - boules vertes, marrons. Les fuites de toit sont proches. Nettoyer le toit pour \u00e9viter les fuites\",\"breadcrumb\":{\"@id\":\"https:\/\/gauthier-couverture.fr\/index.php\/demoussage-toit-nettoyage-toit-24-dordogne\/#breadcrumb\"},\"inLanguage\":\"fr-FR\",\"potentialAction\":[{\"@type\":\"ReadAction\",\"target\":[\"https:\/\/gauthier-couverture.fr\/index.php\/demoussage-toit-nettoyage-toit-24-dordogne\/\"]}]},{\"@type\":\"BreadcrumbList\",\"@id\":\"https:\/\/gauthier-couverture.fr\/index.php\/demoussage-toit-nettoyage-toit-24-dordogne\/#breadcrumb\",\"itemListElement\":[{\"@type\":\"ListItem\",\"position\":1,\"name\":\"Accueil\",\"item\":\"https:\/\/gauthier-couverture.fr\/\"},{\"@type\":\"ListItem\",\"position\":2,\"name\":\"D\u00e9moussage toit &#8211; nettoyage toit 24 &#8211; Dordogne &#8211; Mussidan\"}]},{\"@type\":\"WebSite\",\"@id\":\"https:\/\/gauthier-couverture.fr\/#website\",\"url\":\"https:\/\/gauthier-couverture.fr\/\",\"name\":\"Couvreur 24 - John Gauthier - fuites, d\u00e9moussage entretien de votre toit, r\u00e9novation\",\"description\":\"Un artisan couvreur zingueur \u00e0 votre service dans le 24 - Dordogne\",\"potentialAction\":[{\"@type\":\"SearchAction\",\"target\":{\"@type\":\"EntryPoint\",\"urlTemplate\":\"https:\/\/gauthier-couverture.fr\/?s={search_term_string}\"},\"query-input\":{\"@type\":\"PropertyValueSpecification\",\"valueRequired\":true,\"valueName\":\"search_term_string\"}}],\"inLanguage\":\"fr-FR\"}]}<\/script>\n<!-- \/ Yoast SEO plugin. -->","yoast_head_json":{"title":"D\u00e9moussage toit - nettoyage toit 24 - Dordogne - Mussidan - Couvreur 24 - John Gauthier - fuites, d\u00e9moussage entretien de votre toit, r\u00e9novation","description":"Toit de votre maison semble sale : noirceurs - boules vertes, marrons. Les fuites de toit sont proches. Nettoyer le toit pour \u00e9viter les fuites","robots":{"index":"index","follow":"follow","max-snippet":"max-snippet:-1","max-image-preview":"max-image-preview:large","max-video-preview":"max-video-preview:-1"},"canonical":"https:\/\/gauthier-couverture.fr\/index.php\/demoussage-toit-nettoyage-toit-24-dordogne\/","og_locale":"fr_FR","og_type":"article","og_title":"D\u00e9moussage toit - nettoyage toit 24 - Dordogne - Mussidan - Couvreur 24 - John Gauthier - fuites, d\u00e9moussage entretien de votre toit, r\u00e9novation","og_description":"Toit de votre maison semble sale : noirceurs - boules vertes, marrons. Les fuites de toit sont proches. Nettoyer le toit pour \u00e9viter les fuites","og_url":"https:\/\/gauthier-couverture.fr\/index.php\/demoussage-toit-nettoyage-toit-24-dordogne\/","og_site_name":"Couvreur 24 - John Gauthier - fuites, d\u00e9moussage entretien de votre toit, r\u00e9novation","article_modified_time":"2021-04-29T11:42:29+00:00","twitter_card":"summary_large_image","twitter_misc":{"Dur\u00e9e de lecture estim\u00e9e":"8 minutes"},"schema":{"@context":"https:\/\/schema.org","@graph":[{"@type":"WebPage","@id":"https:\/\/gauthier-couverture.fr\/index.php\/demoussage-toit-nettoyage-toit-24-dordogne\/","url":"https:\/\/gauthier-couverture.fr\/index.php\/demoussage-toit-nettoyage-toit-24-dordogne\/","name":"D\u00e9moussage toit - nettoyage toit 24 - Dordogne - Mussidan - Couvreur 24 - John Gauthier - fuites, d\u00e9moussage entretien de votre toit, r\u00e9novation","isPartOf":{"@id":"https:\/\/gauthier-couverture.fr\/#website"},"datePublished":"2020-10-07T16:21:17+00:00","dateModified":"2021-04-29T11:42:29+00:00","description":"Toit de votre maison semble sale : noirceurs - boules vertes, marrons. Les fuites de toit sont proches. Nettoyer le toit pour \u00e9viter les fuites","breadcrumb":{"@id":"https:\/\/gauthier-couverture.fr\/index.php\/demoussage-toit-nettoyage-toit-24-dordogne\/#breadcrumb"},"inLanguage":"fr-FR","potentialAction":[{"@type":"ReadAction","target":["https:\/\/gauthier-couverture.fr\/index.php\/demoussage-toit-nettoyage-toit-24-dordogne\/"]}]},{"@type":"BreadcrumbList","@id":"https:\/\/gauthier-couverture.fr\/index.php\/demoussage-toit-nettoyage-toit-24-dordogne\/#breadcrumb","itemListElement":[{"@type":"ListItem","position":1,"name":"Accueil","item":"https:\/\/gauthier-couverture.fr\/"},{"@type":"ListItem","position":2,"name":"D\u00e9moussage toit &#8211; nettoyage toit 24 &#8211; Dordogne &#8211; Mussidan"}]},{"@type":"WebSite","@id":"https:\/\/gauthier-couverture.fr\/#website","url":"https:\/\/gauthier-couverture.fr\/","name":"Couvreur 24 - John Gauthier - fuites, d\u00e9moussage entretien de votre toit, r\u00e9novation","description":"Un artisan couvreur zingueur \u00e0 votre service dans le 24 - Dordogne","potentialAction":[{"@type":"SearchAction","target":{"@type":"EntryPoint","urlTemplate":"https:\/\/gauthier-couverture.fr\/?s={search_term_string}"},"query-input":{"@type":"PropertyValueSpecification","valueRequired":true,"valueName":"search_term_string"}}],"inLanguage":"fr-FR"}]}},"_links":{"self":[{"href":"https:\/\/gauthier-couverture.fr\/index.php\/wp-json\/wp\/v2\/pages\/681"}],"collection":[{"href":"https:\/\/gauthier-couverture.fr\/index.php\/wp-json\/wp\/v2\/pages"}],"about":[{"href":"https:\/\/gauthier-couverture.fr\/index.php\/wp-json\/wp\/v2\/types\/page"}],"author":[{"embeddable":true,"href":"https:\/\/gauthier-couverture.fr\/index.php\/wp-json\/wp\/v2\/users\/2"}],"replies":[{"embeddable":true,"href":"https:\/\/gauthier-couverture.fr\/index.php\/wp-json\/wp\/v2\/comments?post=681"}],"version-history":[{"count":11,"href":"https:\/\/gauthier-couverture.fr\/index.php\/wp-json\/wp\/v2\/pages\/681\/revisions"}],"predecessor-version":[{"id":6519,"href":"https:\/\/gauthier-couverture.fr\/index.php\/wp-json\/wp\/v2\/pages\/681\/revisions\/6519"}],"wp:attachment":[{"href":"https:\/\/gauthier-couverture.fr\/index.php\/wp-json\/wp\/v2\/media?parent=681"}],"curies":[{"name":"wp","href":"https:\/\/api.w.org\/{rel}","templated":true}]}}